{"id":18,"date":"2022-12-16T21:00:51","date_gmt":"2022-12-16T21:00:51","guid":{"rendered":"http:\/\/xaiconference.lucalongo.eu\/?page_id=18"},"modified":"2026-02-23T12:38:56","modified_gmt":"2026-02-23T12:38:56","slug":"committees","status":"publish","type":"page","link":"https:\/\/xaiworldconference.com\/2026\/committees\/","title":{"rendered":"Committees"},"content":{"rendered":"\n<div class=\"wp-block-columns is-layout-flex wp-container-core-columns-is-layout-9d6595d7 wp-block-columns-is-layout-flex\">\n<div class=\"wp-block-column is-layout-flow wp-block-column-is-layout-flow\" style=\"flex-basis:100%\">\n<div class=\"wp-block-columns is-layout-flex wp-container-core-columns-is-layout-9d6595d7 wp-block-columns-is-layout-flex\">\n<div class=\"wp-block-column is-layout-flow wp-block-column-is-layout-flow\" style=\"flex-basis:100%\">\n<figure class=\"wp-block-table is-style-stripes\"><table><tbody><tr><td><strong>Programme committee chairs<\/strong><\/td><td>Pascal Hitzler<br>Alexander Binder<br>Ana Carolina Lorena<br><\/td><td>Kansas State University, USA<br>Leipzig University, Germany<br>Instituto Tecnol\u00f3gico de Aeron\u00e1utica, Brazil<br><\/td><td><\/td><td><a href=\"https:\/\/scholar.google.com\/citations?user=EkwfQcMAAAAJ&amp;hl=en\"><img decoding=\"async\" style=\"width: 25px;\" src=\"https:\/\/xaiworldconference.com\/2025\/wp-content\/uploads\/2024\/10\/GoogleScholar.png\" alt=\"\"><\/a><br><a href=\"https:\/\/scholar.google.com\/citations?user=5B8CTlEAAAAJ&amp;hl=de\"><img decoding=\"async\" style=\"width: 25px;\" src=\"https:\/\/xaiworldconference.com\/2025\/wp-content\/uploads\/2024\/10\/GoogleScholar.png\" alt=\"\"><\/a><br><a href=\"https:\/\/scholar.google.com\/citations?user=u-rR21wAAAAJ&amp;hl=en\"><img decoding=\"async\" style=\"width: 25px;\" src=\"https:\/\/xaiworldconference.com\/2025\/wp-content\/uploads\/2024\/10\/GoogleScholar.png\" alt=\"\"><\/a><br><\/td><td><br><\/td><\/tr><tr><td><strong>Late-breaking work\/demo chairs<\/strong><\/td><td>Caroline Petitjean<br>Maria Riveiro<\/td><td>University of Rouen Normandy, France<br>J\u00f6nk\u00f6ping University, Sweden<\/td><td><\/td><td><a href=\"https:\/\/scholar.google.com\/citations?user=Mh4Ac54AAAAJ&amp;hl=en\"><img decoding=\"async\" style=\"width: 25px;\" src=\"https:\/\/xaiworldconference.com\/2025\/wp-content\/uploads\/2024\/10\/GoogleScholar.png\" alt=\"\"><\/a><br><a href=\"https:\/\/scholar.google.com\/citations?user=RfaWgB0AAAAJ&amp;hl=en\"><img decoding=\"async\" style=\"width: 25px;\" src=\"https:\/\/xaiworldconference.com\/2025\/wp-content\/uploads\/2024\/10\/GoogleScholar.png\" alt=\"\"><\/a><\/td><td><\/td><\/tr><tr><td><strong>Doctoral Consortium chairs<\/strong><\/td><td>Javier Del Ser<br>Andreas Holzinger<br>Tuwe L\u00f6fstr\u00f6m-Cavallin<\/td><td>University of the Basque Country, Tecnalia, Spain<br>BOKU University Vienna, Austria<br>J\u00f6nk\u00f6ping School of Engineering<\/td><td><\/td><td><a href=\"https:\/\/scholar.google.com\/citations?user=p_wY0zUAAAAJ&amp;hl=en\"><img decoding=\"async\" style=\"width: 25px;\" src=\"https:\/\/xaiworldconference.com\/2025\/wp-content\/uploads\/2024\/10\/GoogleScholar.png\" alt=\"\"><\/a><br><a href=\"https:\/\/scholar.google.com\/citations?user=BTBd5V4AAAAJ&amp;hl=en\"><img decoding=\"async\" style=\"width: 25px;\" src=\"https:\/\/xaiworldconference.com\/2025\/wp-content\/uploads\/2024\/10\/GoogleScholar.png\" alt=\"\"><\/a><br><a href=\"https:\/\/scholar.google.com\/citations?user=CaIWLJIAAAAJ&amp;hl=en\"><img decoding=\"async\" style=\"width: 25px;\" src=\"https:\/\/xaiworldconference.com\/2025\/wp-content\/uploads\/2024\/10\/GoogleScholar.png\" alt=\"\"><\/a><\/td><td><\/td><\/tr><tr><td><strong>Special sessions chair<\/strong><\/td><td>Ruairi O&#8217; Reilly<\/td><td>Munster Technological University, Ireland<\/td><td><\/td><td><a href=\"https:\/\/scholar.google.com\/citations?user=86x5oQgAAAAJ&amp;hl=en\"><img decoding=\"async\" style=\"width: 25px;\" src=\"https:\/\/xaiworldconference.com\/2025\/wp-content\/uploads\/2024\/10\/GoogleScholar.png\" alt=\"\"><\/a><\/td><td><\/td><\/tr><tr><td><strong>Partnership\/community chair<\/strong><\/td><td>Alan Perotti<\/td><td>Centai Institute, Italy<\/td><td><\/td><td><a href=\"https:\/\/scholar.google.com\/citations?user=Aef-vmEAAAAJ&amp;hl=en\"><img decoding=\"async\" style=\"width: 25px;\" src=\"https:\/\/xaiworldconference.com\/2025\/wp-content\/uploads\/2024\/10\/GoogleScholar.png\" alt=\"\"><\/a><\/td><td><\/td><\/tr><tr><td><strong>Local chairs<\/strong><\/td><td>Rodrigo Capobianco Guido<br>Samy S\u00e1<\/td><td>S\u00e3o Paulo State University, Brazil<br>Federal University of Cear\u00e1, Brazil<\/td><td><\/td><td><a href=\"https:\/\/scholar.google.it\/citations?user=Jx8uPsEAAAAJ\"><img decoding=\"async\" style=\"width: 25px;\" src=\"https:\/\/xaiworldconference.com\/2025\/wp-content\/uploads\/2024\/10\/GoogleScholar.png\" alt=\"\"><\/a><br><a href=\"https:\/\/scholar.google.it\/citations?user=BZC2yGsAAAAJ\"><img decoding=\"async\" style=\"width: 25px;\" src=\"https:\/\/xaiworldconference.com\/2025\/wp-content\/uploads\/2024\/10\/GoogleScholar.png\" alt=\"\"><\/a><br><\/td><td><br><a href=\"https:\/\/scholar.google.de\/citations?user=WFQoipEAAAAJ&amp;hl=de\"><\/a><\/td><\/tr><tr><td><strong>General Chairs<\/strong><\/td><td>Sylvio Barbon Junior<br>Luca Longo<\/td><td>University of Trieste, Italy<br>University College Cork, Ireland<\/td><td><\/td><td><a href=\"https:\/\/scholar.google.com\/citations?user=79-H1NkAAAAJ&amp;hl=en\"><img decoding=\"async\" style=\"width: 25px;\" src=\"https:\/\/xaiworldconference.com\/2025\/wp-content\/uploads\/2024\/10\/GoogleScholar.png\" alt=\"\"><\/a><a href=\"https:\/\/scholar.google.com\/citations?user=_XzWFa0AAAAJ&amp;hl=en\"><\/a><br><a href=\"https:\/\/scholar.google.com\/citations?user=oBqRuY8AAAAJ&amp;hl=en\"><img decoding=\"async\" style=\"width: 25px;\" src=\"https:\/\/xaiworldconference.com\/2025\/wp-content\/uploads\/2024\/10\/GoogleScholar.png\" alt=\"\"><\/a><\/td><td><\/td><\/tr><tr><td><strong>Steering committee<\/strong><\/td><td>Sebastian Lapuschkin<br>Paolo Giudici<br>Luca Longo<br>Christin Seifert<br>Gr\u00e9goire Montavon<br>Riccardo Guidotti<\/td><td>Fraunhofer Heinrich Hertz Institute, Germany<br>University of Pavia, Italy<br>University College Cork, Ireland<br>University of Marburg, Germany<br>Freie Universit\u00e4t Berlin, Germany<br>University of Pisa, Italy<\/td><td><\/td><td><a href=\"https:\/\/scholar.google.de\/citations?user=wpLQuroAAAAJ&amp;hl=de\"><img decoding=\"async\" style=\"width: 25px;\" src=\"https:\/\/xaiworldconference.com\/2025\/wp-content\/uploads\/2024\/10\/GoogleScholar.png\" alt=\"\"><\/a><br><a href=\"https:\/\/scholar.google.com\/citations?user=ogeVB1kAAAAJ&amp;hl=en\"><img decoding=\"async\" style=\"width: 25px;\" src=\"https:\/\/xaiworldconference.com\/2025\/wp-content\/uploads\/2024\/10\/GoogleScholar.png\" alt=\"\"><\/a><br><a href=\"https:\/\/scholar.google.com\/citations?user=fJXIVKsAAAAJ&amp;hl=en\"><\/a><a href=\"https:\/\/scholar.google.com\/citations?user=oBqRuY8AAAAJ&amp;hl=en\"><img decoding=\"async\" style=\"width: 25px;\" src=\"https:\/\/xaiworldconference.com\/2025\/wp-content\/uploads\/2024\/10\/GoogleScholar.png\" alt=\"\"><\/a><a href=\"https:\/\/scholar.google.com\/citations?user=fJXIVKsAAAAJ&amp;hl=en\"><\/a><br><a href=\"https:\/\/scholar.google.com\/citations?user=aK6ZccUAAAAJ&amp;hl=en\"><img decoding=\"async\" style=\"width: 25px;\" src=\"https:\/\/xaiworldconference.com\/2025\/wp-content\/uploads\/2024\/10\/GoogleScholar.png\" alt=\"\"><\/a><a href=\"https:\/\/scholar.google.com\/citations?user=fJXIVKsAAAAJ&amp;hl=en\"><\/a><br><a href=\"https:\/\/scholar.google.com\/citations?user=A979AbYAAAAJ&amp;hl=en\"><img decoding=\"async\" style=\"width: 25px;\" src=\"https:\/\/xaiworldconference.com\/2025\/wp-content\/uploads\/2024\/10\/GoogleScholar.png\" alt=\"\"><\/a><br><a href=\"https:\/\/scholar.google.com\/citations?user=KZUaK6YAAAAJ&amp;hl=it\"><img decoding=\"async\" style=\"width: 25px;\" src=\"https:\/\/xaiworldconference.com\/2025\/wp-content\/uploads\/2024\/10\/GoogleScholar.png\" alt=\"\"><\/a><\/td><td><br><a href=\"https:\/\/scholar.google.com\/citations?user=oBqRuY8AAAAJ&amp;hl=en\"><\/a><\/td><\/tr><\/tbody><\/table><\/figure>\n<\/div>\n<\/div>\n<\/div>\n<\/div>\n\n\n\n<h3 class=\"wp-block-heading\"><strong>Programme Committee<\/strong> (updating)<\/h3>\n\n\n\n\n\n<h3 class=\"wp-block-heading\">Late-breaking work &amp; demos committee (updating)<\/h3>\n\n\n\n\n\n<h3 class=\"wp-block-heading\">Doctoral Committee (updating)<\/h3>\n\n\n\n\n\n<p>The World Conference on eXplainable Artificial Intelligence members are all experts in the field and belong to the following academic and industry institutions worldwide.<\/p>\n\n\n\n<p><strong>No Images.<\/strong><br\/>Please upload images in images manager section. Click on Manage Images button on the right side of the gallery settings.<br \/><strong><\/strong><\/p>\n\n\n\n<p><\/p>\n","protected":false},"excerpt":{"rendered":"<p>Programme committee chairs Pascal HitzlerAlexander BinderAna Carolina Lorena Kansas State University, USALeipzig University, GermanyInstituto Tecnol\u00f3gico de Aeron\u00e1utica, Brazil Late-breaking work\/demo chairs Caroline PetitjeanMaria Riveiro University of Rouen Normandy, FranceJ\u00f6nk\u00f6ping University, Sweden Doctoral Consortium chairs Javier Del SerAndreas HolzingerTuwe L\u00f6fstr\u00f6m-Cavallin University of the Basque Country, Tecnalia, SpainBOKU University Vienna, AustriaJ\u00f6nk\u00f6ping School of Engineering Special sessions chair &hellip; <\/p>\n","protected":false},"author":1,"featured_media":0,"parent":0,"menu_order":0,"comment_status":"closed","ping_status":"closed","template":"","meta":{"_eb_attr":"","footnotes":""},"class_list":["post-18","page","type-page","status-publish","hentry"],"_links":{"self":[{"href":"https:\/\/xaiworldconference.com\/2026\/wp-json\/wp\/v2\/pages\/18","targetHints":{"allow":["GET"]}}],"collection":[{"href":"https:\/\/xaiworldconference.com\/2026\/wp-json\/wp\/v2\/pages"}],"about":[{"href":"https:\/\/xaiworldconference.com\/2026\/wp-json\/wp\/v2\/types\/page"}],"author":[{"embeddable":true,"href":"https:\/\/xaiworldconference.com\/2026\/wp-json\/wp\/v2\/users\/1"}],"replies":[{"embeddable":true,"href":"https:\/\/xaiworldconference.com\/2026\/wp-json\/wp\/v2\/comments?post=18"}],"version-history":[{"count":472,"href":"https:\/\/xaiworldconference.com\/2026\/wp-json\/wp\/v2\/pages\/18\/revisions"}],"predecessor-version":[{"id":6883,"href":"https:\/\/xaiworldconference.com\/2026\/wp-json\/wp\/v2\/pages\/18\/revisions\/6883"}],"wp:attachment":[{"href":"https:\/\/xaiworldconference.com\/2026\/wp-json\/wp\/v2\/media?parent=18"}],"curies":[{"name":"wp","href":"https:\/\/api.w.org\/{rel}","templated":true}]}}