{"id":5891,"date":"2025-04-19T17:56:43","date_gmt":"2025-04-19T17:56:43","guid":{"rendered":"https:\/\/xaiworldconference.com\/2025\/?page_id=5891"},"modified":"2025-06-16T10:05:32","modified_gmt":"2025-06-16T10:05:32","slug":"venue","status":"publish","type":"page","link":"https:\/\/xaiworldconference.com\/2025\/venue\/","title":{"rendered":"Venue"},"content":{"rendered":"\n<p><\/p>\n\n\n\n<figure class=\"wp-block-embed is-type-video is-provider-youtube wp-block-embed-youtube wp-embed-aspect-16-9 wp-has-aspect-ratio\"><div class=\"wp-block-embed__wrapper\">\n<iframe loading=\"lazy\" title=\"\u0130stanbul, T\u00fcrkiye \ud83c\uddf9\ud83c\uddf7 | 6K Drone Video\" width=\"640\" height=\"360\" src=\"https:\/\/www.youtube.com\/embed\/ttaw6N0vRLk?feature=oembed\" frameborder=\"0\" allow=\"accelerometer; autoplay; clipboard-write; encrypted-media; gyroscope; picture-in-picture; web-share\" referrerpolicy=\"strict-origin-when-cross-origin\" allowfullscreen><\/iframe>\n<\/div><\/figure>\n\n\n\n<p class=\"has-large-font-size\"><strong>Wyndham Grand Istanbul Europe<\/strong><\/p>\n\n\n\n<p> <a href=\"https:\/\/www.google.com\/maps\/place\/Wyndham+Grand+Istanbul+Europe\/@41.026804,28.8118927,17z\/data=!3m1!5s0x14caa4587dd727af:0xedeb8344b1edefa2!4m9!3m8!1s0x14caa4f66af5547b:0x141f4bdc3f012a4b!5m2!4m1!1i2!8m2!3d41.0268!4d28.814473!16s%2Fg%2F1233d7d35?entry=ttu&amp;g_ep=EgoyMDI1MDUwNy4wIKXMDSoASAFQAw%3D%3D\"><strong>Google maps<\/strong><\/a>: <a href=\"https:\/\/www.google.com\/maps\/place\/\/data=!4m2!3m1!1s0x14caa4f66af5547b:0x141f4bdc3f012a4b?sa=X&amp;ved=1t:8290&amp;ictx=111\">G\u00fcne\u015fli, Mimar Sinan Cd 80-82, 34212 Ba\u011fc\u0131lar\/\u0130stanbul, T\u00fcrkiye<\/a><\/p>\n\n\n\n<div class=\"wp-block-columns are-vertically-aligned-center is-layout-flex wp-container-core-columns-is-layout-9d6595d7 wp-block-columns-is-layout-flex\">\n<div class=\"wp-block-column is-vertically-aligned-center is-layout-flow wp-block-column-is-layout-flow\"><div class=\"wp-block-image\">\n<figure class=\"aligncenter size-large\"><img loading=\"lazy\" decoding=\"async\" width=\"1024\" height=\"684\" src=\"https:\/\/xaiworldconference.com\/2025\/wp-content\/uploads\/2025\/05\/Conferance-Area-1024x684.jpg\" alt=\"\" class=\"wp-image-5923\" srcset=\"https:\/\/xaiworldconference.com\/2025\/wp-content\/uploads\/2025\/05\/Conferance-Area-1024x684.jpg 1024w, https:\/\/xaiworldconference.com\/2025\/wp-content\/uploads\/2025\/05\/Conferance-Area-300x200.jpg 300w, https:\/\/xaiworldconference.com\/2025\/wp-content\/uploads\/2025\/05\/Conferance-Area-768x513.jpg 768w, https:\/\/xaiworldconference.com\/2025\/wp-content\/uploads\/2025\/05\/Conferance-Area-1536x1025.jpg 1536w, https:\/\/xaiworldconference.com\/2025\/wp-content\/uploads\/2025\/05\/Conferance-Area.jpg 1805w\" sizes=\"auto, (max-width: 1024px) 100vw, 1024px\" \/><\/figure>\n<\/div><\/div>\n\n\n\n<div class=\"wp-block-column is-vertically-aligned-center is-layout-flow wp-block-column-is-layout-flow\"><div class=\"wp-block-image\">\n<figure class=\"aligncenter size-large\"><img loading=\"lazy\" decoding=\"async\" width=\"1024\" height=\"684\" src=\"https:\/\/xaiworldconference.com\/2025\/wp-content\/uploads\/2025\/05\/Begonya-12-Work-Shop-Area-1024x684.jpg\" alt=\"\" class=\"wp-image-5925\" srcset=\"https:\/\/xaiworldconference.com\/2025\/wp-content\/uploads\/2025\/05\/Begonya-12-Work-Shop-Area-1024x684.jpg 1024w, https:\/\/xaiworldconference.com\/2025\/wp-content\/uploads\/2025\/05\/Begonya-12-Work-Shop-Area-300x200.jpg 300w, https:\/\/xaiworldconference.com\/2025\/wp-content\/uploads\/2025\/05\/Begonya-12-Work-Shop-Area-768x513.jpg 768w, https:\/\/xaiworldconference.com\/2025\/wp-content\/uploads\/2025\/05\/Begonya-12-Work-Shop-Area.jpg 1504w\" sizes=\"auto, (max-width: 1024px) 100vw, 1024px\" \/><\/figure>\n<\/div><\/div>\n<\/div>\n\n\n\n<div class=\"wp-block-columns is-layout-flex wp-container-core-columns-is-layout-9d6595d7 wp-block-columns-is-layout-flex\">\n<div class=\"wp-block-column is-vertically-aligned-center is-layout-flow wp-block-column-is-layout-flow\"><div class=\"wp-block-image\">\n<figure class=\"aligncenter size-large\"><img loading=\"lazy\" decoding=\"async\" width=\"1024\" height=\"684\" src=\"https:\/\/xaiworldconference.com\/2025\/wp-content\/uploads\/2025\/05\/Mawi-Terrace-1024x684.jpg\" alt=\"\" class=\"wp-image-5930\" srcset=\"https:\/\/xaiworldconference.com\/2025\/wp-content\/uploads\/2025\/05\/Mawi-Terrace-1024x684.jpg 1024w, https:\/\/xaiworldconference.com\/2025\/wp-content\/uploads\/2025\/05\/Mawi-Terrace-300x200.jpg 300w, https:\/\/xaiworldconference.com\/2025\/wp-content\/uploads\/2025\/05\/Mawi-Terrace-768x513.jpg 768w, https:\/\/xaiworldconference.com\/2025\/wp-content\/uploads\/2025\/05\/Mawi-Terrace-1536x1025.jpg 1536w, https:\/\/xaiworldconference.com\/2025\/wp-content\/uploads\/2025\/05\/Mawi-Terrace.jpg 1805w\" sizes=\"auto, (max-width: 1024px) 100vw, 1024px\" \/><\/figure>\n<\/div><\/div>\n\n\n\n<div class=\"wp-block-column is-vertically-aligned-center is-layout-flow wp-block-column-is-layout-flow\">\n<figure class=\"wp-block-image size-full\"><img loading=\"lazy\" decoding=\"async\" width=\"940\" height=\"627\" src=\"https:\/\/xaiworldconference.com\/2025\/wp-content\/uploads\/2025\/05\/image-2.png\" alt=\"\" class=\"wp-image-5968\" srcset=\"https:\/\/xaiworldconference.com\/2025\/wp-content\/uploads\/2025\/05\/image-2.png 940w, https:\/\/xaiworldconference.com\/2025\/wp-content\/uploads\/2025\/05\/image-2-300x200.png 300w, https:\/\/xaiworldconference.com\/2025\/wp-content\/uploads\/2025\/05\/image-2-768x512.png 768w\" sizes=\"auto, (max-width: 940px) 100vw, 940px\" \/><\/figure>\n<\/div>\n<\/div>\n\n\n\n<div class=\"wp-block-columns is-layout-flex wp-container-core-columns-is-layout-9d6595d7 wp-block-columns-is-layout-flex\">\n<div class=\"wp-block-column is-vertically-aligned-center is-layout-flow wp-block-column-is-layout-flow\"><div class=\"wp-block-image\">\n<figure class=\"aligncenter size-large\"><img loading=\"lazy\" decoding=\"async\" width=\"1024\" height=\"683\" src=\"https:\/\/xaiworldconference.com\/2025\/wp-content\/uploads\/2025\/05\/Begonya-Fuayer-1024x683.jpg\" alt=\"\" class=\"wp-image-5937\" srcset=\"https:\/\/xaiworldconference.com\/2025\/wp-content\/uploads\/2025\/05\/Begonya-Fuayer-1024x683.jpg 1024w, https:\/\/xaiworldconference.com\/2025\/wp-content\/uploads\/2025\/05\/Begonya-Fuayer-300x200.jpg 300w, https:\/\/xaiworldconference.com\/2025\/wp-content\/uploads\/2025\/05\/Begonya-Fuayer-768x512.jpg 768w, https:\/\/xaiworldconference.com\/2025\/wp-content\/uploads\/2025\/05\/Begonya-Fuayer-1536x1024.jpg 1536w, https:\/\/xaiworldconference.com\/2025\/wp-content\/uploads\/2025\/05\/Begonya-Fuayer.jpg 1773w\" sizes=\"auto, (max-width: 1024px) 100vw, 1024px\" \/><\/figure>\n<\/div><\/div>\n\n\n\n<div class=\"wp-block-column is-vertically-aligned-center is-layout-flow wp-block-column-is-layout-flow\"><div class=\"wp-block-image\">\n<figure class=\"aligncenter size-large\"><img loading=\"lazy\" decoding=\"async\" width=\"1024\" height=\"683\" src=\"https:\/\/xaiworldconference.com\/2025\/wp-content\/uploads\/2025\/05\/Wyndham-Grand-Istanbul-Europe-Lobby-Lounge-and-Bar-1139355-1024x683.jpg\" alt=\"\" class=\"wp-image-5938\" srcset=\"https:\/\/xaiworldconference.com\/2025\/wp-content\/uploads\/2025\/05\/Wyndham-Grand-Istanbul-Europe-Lobby-Lounge-and-Bar-1139355-1024x683.jpg 1024w, https:\/\/xaiworldconference.com\/2025\/wp-content\/uploads\/2025\/05\/Wyndham-Grand-Istanbul-Europe-Lobby-Lounge-and-Bar-1139355-300x200.jpg 300w, https:\/\/xaiworldconference.com\/2025\/wp-content\/uploads\/2025\/05\/Wyndham-Grand-Istanbul-Europe-Lobby-Lounge-and-Bar-1139355-768x512.jpg 768w, https:\/\/xaiworldconference.com\/2025\/wp-content\/uploads\/2025\/05\/Wyndham-Grand-Istanbul-Europe-Lobby-Lounge-and-Bar-1139355.jpg 1368w\" sizes=\"auto, (max-width: 1024px) 100vw, 1024px\" \/><\/figure>\n<\/div><\/div>\n<\/div>\n\n\n\n<div class=\"wp-block-columns are-vertically-aligned-center is-layout-flex wp-container-core-columns-is-layout-9d6595d7 wp-block-columns-is-layout-flex\">\n<div class=\"wp-block-column is-vertically-aligned-center is-layout-flow wp-block-column-is-layout-flow\"><div class=\"wp-block-image\">\n<figure class=\"aligncenter size-large\"><img loading=\"lazy\" decoding=\"async\" width=\"1024\" height=\"682\" src=\"https:\/\/xaiworldconference.com\/2025\/wp-content\/uploads\/2025\/05\/Wyndham3-1024x682.jpg\" alt=\"\" class=\"wp-image-5960\" srcset=\"https:\/\/xaiworldconference.com\/2025\/wp-content\/uploads\/2025\/05\/Wyndham3-1024x682.jpg 1024w, https:\/\/xaiworldconference.com\/2025\/wp-content\/uploads\/2025\/05\/Wyndham3-300x200.jpg 300w, https:\/\/xaiworldconference.com\/2025\/wp-content\/uploads\/2025\/05\/Wyndham3-768x512.jpg 768w, https:\/\/xaiworldconference.com\/2025\/wp-content\/uploads\/2025\/05\/Wyndham3.jpg 1280w\" sizes=\"auto, (max-width: 1024px) 100vw, 1024px\" \/><\/figure>\n<\/div><\/div>\n\n\n\n<div class=\"wp-block-column is-vertically-aligned-center is-layout-flow wp-block-column-is-layout-flow\"><div class=\"wp-block-image\">\n<figure class=\"aligncenter size-large\"><img loading=\"lazy\" decoding=\"async\" width=\"1024\" height=\"682\" src=\"https:\/\/xaiworldconference.com\/2025\/wp-content\/uploads\/2025\/05\/Wyndham4-1024x682.jpg\" alt=\"\" class=\"wp-image-5961\" srcset=\"https:\/\/xaiworldconference.com\/2025\/wp-content\/uploads\/2025\/05\/Wyndham4-1024x682.jpg 1024w, https:\/\/xaiworldconference.com\/2025\/wp-content\/uploads\/2025\/05\/Wyndham4-300x200.jpg 300w, https:\/\/xaiworldconference.com\/2025\/wp-content\/uploads\/2025\/05\/Wyndham4-768x512.jpg 768w, https:\/\/xaiworldconference.com\/2025\/wp-content\/uploads\/2025\/05\/Wyndham4.jpg 1280w\" sizes=\"auto, (max-width: 1024px) 100vw, 1024px\" \/><\/figure>\n<\/div><\/div>\n<\/div>\n\n\n\n<div class=\"wp-block-columns are-vertically-aligned-center is-layout-flex wp-container-core-columns-is-layout-9d6595d7 wp-block-columns-is-layout-flex\">\n<div class=\"wp-block-column is-vertically-aligned-center is-layout-flow wp-block-column-is-layout-flow\"><div class=\"wp-block-image\">\n<figure class=\"aligncenter size-large\"><img loading=\"lazy\" decoding=\"async\" width=\"1024\" height=\"682\" src=\"https:\/\/xaiworldconference.com\/2025\/wp-content\/uploads\/2025\/05\/Wyndham2-1024x682.jpg\" alt=\"\" class=\"wp-image-5962\" srcset=\"https:\/\/xaiworldconference.com\/2025\/wp-content\/uploads\/2025\/05\/Wyndham2-1024x682.jpg 1024w, https:\/\/xaiworldconference.com\/2025\/wp-content\/uploads\/2025\/05\/Wyndham2-300x200.jpg 300w, https:\/\/xaiworldconference.com\/2025\/wp-content\/uploads\/2025\/05\/Wyndham2-768x512.jpg 768w, https:\/\/xaiworldconference.com\/2025\/wp-content\/uploads\/2025\/05\/Wyndham2.jpg 1280w\" sizes=\"auto, (max-width: 1024px) 100vw, 1024px\" \/><\/figure>\n<\/div><\/div>\n\n\n\n<div class=\"wp-block-column is-vertically-aligned-center is-layout-flow wp-block-column-is-layout-flow\"><div class=\"wp-block-image\">\n<figure class=\"aligncenter size-large\"><img loading=\"lazy\" decoding=\"async\" width=\"1024\" height=\"682\" src=\"https:\/\/xaiworldconference.com\/2025\/wp-content\/uploads\/2025\/05\/Wyndham1-1024x682.jpg\" alt=\"\" class=\"wp-image-5964\" srcset=\"https:\/\/xaiworldconference.com\/2025\/wp-content\/uploads\/2025\/05\/Wyndham1-1024x682.jpg 1024w, https:\/\/xaiworldconference.com\/2025\/wp-content\/uploads\/2025\/05\/Wyndham1-300x200.jpg 300w, https:\/\/xaiworldconference.com\/2025\/wp-content\/uploads\/2025\/05\/Wyndham1-768x512.jpg 768w, https:\/\/xaiworldconference.com\/2025\/wp-content\/uploads\/2025\/05\/Wyndham1.jpg 1280w\" sizes=\"auto, (max-width: 1024px) 100vw, 1024px\" \/><\/figure>\n<\/div><\/div>\n<\/div>\n","protected":false},"excerpt":{"rendered":"<p>Wyndham Grand Istanbul Europe Google maps: G\u00fcne\u015fli, Mimar Sinan Cd 80-82, 34212 Ba\u011fc\u0131lar\/\u0130stanbul, T\u00fcrkiye<\/p>\n","protected":false},"author":2,"featured_media":0,"parent":0,"menu_order":0,"comment_status":"closed","ping_status":"closed","template":"","meta":{"_eb_attr":"","footnotes":""},"class_list":["post-5891","page","type-page","status-publish","hentry"],"_links":{"self":[{"href":"https:\/\/xaiworldconference.com\/2025\/wp-json\/wp\/v2\/pages\/5891","targetHints":{"allow":["GET"]}}],"collection":[{"href":"https:\/\/xaiworldconference.com\/2025\/wp-json\/wp\/v2\/pages"}],"about":[{"href":"https:\/\/xaiworldconference.com\/2025\/wp-json\/wp\/v2\/types\/page"}],"author":[{"embeddable":true,"href":"https:\/\/xaiworldconference.com\/2025\/wp-json\/wp\/v2\/users\/2"}],"replies":[{"embeddable":true,"href":"https:\/\/xaiworldconference.com\/2025\/wp-json\/wp\/v2\/comments?post=5891"}],"version-history":[{"count":24,"href":"https:\/\/xaiworldconference.com\/2025\/wp-json\/wp\/v2\/pages\/5891\/revisions"}],"predecessor-version":[{"id":6026,"href":"https:\/\/xaiworldconference.com\/2025\/wp-json\/wp\/v2\/pages\/5891\/revisions\/6026"}],"wp:attachment":[{"href":"https:\/\/xaiworldconference.com\/2025\/wp-json\/wp\/v2\/media?parent=5891"}],"curies":[{"name":"wp","href":"https:\/\/api.w.org\/{rel}","templated":true}]}}