{"id":49,"date":"2022-12-16T21:07:11","date_gmt":"2022-12-16T21:07:11","guid":{"rendered":"http:\/\/xaiconference.lucalongo.eu\/?page_id=49"},"modified":"2023-06-25T21:37:41","modified_gmt":"2023-06-25T21:37:41","slug":"accomodation","status":"publish","type":"page","link":"https:\/\/xaiworldconference.com\/2023\/accomodation\/","title":{"rendered":"Accomodation"},"content":{"rendered":"\n<p>We suggest booking all the accommodations as close as possible to the centre (<mark style=\"background-color:rgba(0, 0, 0, 0)\" class=\"has-inline-color has-vivid-red-color\"><strong>Centro Cultural de Bel\u00e9m, Pra\u00e7a do Imp\u00e9rio, Lisbon<\/strong><\/mark> &#8211; <a href=\"https:\/\/www.google.com\/maps\/place\/Centro+Cultural+de+Bel%C3%A9m\/@38.6955071,-9.2109345,17z\/data=!3m2!4b1!5s0xd1ecb430fddce3d:0xd088afecbb6b4d0c!4m6!3m5!1s0xd1ecb4342519d5b:0x36a4ec90864c9536!8m2!3d38.6955029!4d-9.2083542!16s%2Fm%2F027hhhg?entry=ttu\">googleMaps<\/a>), where hundreds of hotels and AirBnB are available.<\/p>\n\n\n\n<p>Alternatively, we also suggest all the attendees book accommodations around &#8220;<a href=\"https:\/\/www.google.com\/maps\/search\/Cais+do+Sodre,+Lisbon,+Portugal\/@38.7062049,-9.1458102,17z\/data=!3m1!4b1\"><mark style=\"background-color:rgba(0, 0, 0, 0)\" class=\"has-inline-color has-vivid-green-cyan-color\">Cais do Sodr\u00e9<\/mark><\/a>&#8221; in downtown Lisbon since it is the main metro station, well connected to all the buses, trams and trains of the area. This way is easier to travel around and reach the venue location. Also, it is the best option for visiting Lisbon by walking and exploring the beauties of this ancient amazing city.<\/p>\n\n\n\n<p><\/p>\n","protected":false},"excerpt":{"rendered":"<p>We suggest booking all the accommodations as close as possible to the centre (Centro Cultural de Bel\u00e9m, Pra\u00e7a do Imp\u00e9rio, Lisbon &#8211; googleMaps), where hundreds of hotels and AirBnB are available. Alternatively, we also suggest all the attendees book accommodations around &#8220;Cais do Sodr\u00e9&#8221; in downtown Lisbon since it is the main metro station, well &hellip; <\/p>\n","protected":false},"author":1,"featured_media":0,"parent":0,"menu_order":0,"comment_status":"closed","ping_status":"closed","template":"","meta":{"_eb_attr":"","footnotes":""},"class_list":["post-49","page","type-page","status-publish","hentry"],"_links":{"self":[{"href":"https:\/\/xaiworldconference.com\/2023\/wp-json\/wp\/v2\/pages\/49","targetHints":{"allow":["GET"]}}],"collection":[{"href":"https:\/\/xaiworldconference.com\/2023\/wp-json\/wp\/v2\/pages"}],"about":[{"href":"https:\/\/xaiworldconference.com\/2023\/wp-json\/wp\/v2\/types\/page"}],"author":[{"embeddable":true,"href":"https:\/\/xaiworldconference.com\/2023\/wp-json\/wp\/v2\/users\/1"}],"replies":[{"embeddable":true,"href":"https:\/\/xaiworldconference.com\/2023\/wp-json\/wp\/v2\/comments?post=49"}],"version-history":[{"count":3,"href":"https:\/\/xaiworldconference.com\/2023\/wp-json\/wp\/v2\/pages\/49\/revisions"}],"predecessor-version":[{"id":2299,"href":"https:\/\/xaiworldconference.com\/2023\/wp-json\/wp\/v2\/pages\/49\/revisions\/2299"}],"wp:attachment":[{"href":"https:\/\/xaiworldconference.com\/2023\/wp-json\/wp\/v2\/media?parent=49"}],"curies":[{"name":"wp","href":"https:\/\/api.w.org\/{rel}","templated":true}]}}