{"id":37,"date":"2022-12-16T21:04:40","date_gmt":"2022-12-16T21:04:40","guid":{"rendered":"http:\/\/xaiconference.lucalongo.eu\/?page_id=37"},"modified":"2023-07-24T22:10:41","modified_gmt":"2023-07-24T22:10:41","slug":"conference-dinner","status":"publish","type":"page","link":"https:\/\/xaiworldconference.com\/2023\/conference-dinner\/","title":{"rendered":"Conference dinner"},"content":{"rendered":"\n<p>Day 28th of July, 19.30-22.30 <\/p>\n\n\n<div class=\"wp-block-image\">\n<figure class=\"aligncenter size-large\"><img loading=\"lazy\" decoding=\"async\" width=\"1024\" height=\"420\" src=\"https:\/\/xaiworldconference.com\/wp-content\/uploads\/2023\/07\/Screenshot-2023-07-24-at-23.07.11-1024x420.png\" alt=\"\" class=\"wp-image-2404\" srcset=\"https:\/\/xaiworldconference.com\/2023\/wp-content\/uploads\/2023\/07\/Screenshot-2023-07-24-at-23.07.11-1024x420.png 1024w, https:\/\/xaiworldconference.com\/2023\/wp-content\/uploads\/2023\/07\/Screenshot-2023-07-24-at-23.07.11-300x123.png 300w, https:\/\/xaiworldconference.com\/2023\/wp-content\/uploads\/2023\/07\/Screenshot-2023-07-24-at-23.07.11-768x315.png 768w, https:\/\/xaiworldconference.com\/2023\/wp-content\/uploads\/2023\/07\/Screenshot-2023-07-24-at-23.07.11-1536x630.png 1536w, https:\/\/xaiworldconference.com\/2023\/wp-content\/uploads\/2023\/07\/Screenshot-2023-07-24-at-23.07.11-2048x840.png 2048w\" sizes=\"auto, (max-width: 1024px) 100vw, 1024px\" \/><\/figure>\n<\/div>\n\n\n<p>This extraordinary room and terrace is located on level one of the Conference Centre of the Centro Cultural de Bel\u00e9m. It is a large space that has a sweeping view over the River Tagus and the Padr\u00e3o dos Descobrimentos (Monument to the Discoveries), with its large adjoining terrace. Preceding the Vitorino Nem\u00e9sio Room are two small spaces which can be used as cloakroom and reception areas.<\/p>\n\n\n\n<figure class=\"wp-block-embed\"><div class=\"wp-block-embed__wrapper\">\nhttps:\/\/www.ccb.pt\/en\/spaces\/vitorino-nemesio-room\/\n<\/div><\/figure>\n","protected":false},"excerpt":{"rendered":"<p>Day 28th of July, 19.30-22.30 This extraordinary room and terrace is located on level one of the Conference Centre of the Centro Cultural de Bel\u00e9m. It is a large space that has a sweeping view over the River Tagus and the Padr\u00e3o dos Descobrimentos (Monument to the Discoveries), with its large adjoining terrace. Preceding the &hellip; <\/p>\n","protected":false},"author":1,"featured_media":942,"parent":0,"menu_order":0,"comment_status":"closed","ping_status":"closed","template":"","meta":{"_eb_attr":"","footnotes":""},"class_list":["post-37","page","type-page","status-publish","has-post-thumbnail","hentry"],"_links":{"self":[{"href":"https:\/\/xaiworldconference.com\/2023\/wp-json\/wp\/v2\/pages\/37","targetHints":{"allow":["GET"]}}],"collection":[{"href":"https:\/\/xaiworldconference.com\/2023\/wp-json\/wp\/v2\/pages"}],"about":[{"href":"https:\/\/xaiworldconference.com\/2023\/wp-json\/wp\/v2\/types\/page"}],"author":[{"embeddable":true,"href":"https:\/\/xaiworldconference.com\/2023\/wp-json\/wp\/v2\/users\/1"}],"replies":[{"embeddable":true,"href":"https:\/\/xaiworldconference.com\/2023\/wp-json\/wp\/v2\/comments?post=37"}],"version-history":[{"count":7,"href":"https:\/\/xaiworldconference.com\/2023\/wp-json\/wp\/v2\/pages\/37\/revisions"}],"predecessor-version":[{"id":2410,"href":"https:\/\/xaiworldconference.com\/2023\/wp-json\/wp\/v2\/pages\/37\/revisions\/2410"}],"wp:featuredmedia":[{"embeddable":true,"href":"https:\/\/xaiworldconference.com\/2023\/wp-json\/wp\/v2\/media\/942"}],"wp:attachment":[{"href":"https:\/\/xaiworldconference.com\/2023\/wp-json\/wp\/v2\/media?parent=37"}],"curies":[{"name":"wp","href":"https:\/\/api.w.org\/{rel}","templated":true}]}}